{"id":784,"date":"2025-06-12T18:43:27","date_gmt":"2025-06-12T18:43:27","guid":{"rendered":"https:\/\/cuyabeno.gob.ec\/?page_id=784"},"modified":"2025-06-13T16:32:15","modified_gmt":"2025-06-13T21:32:15","slug":"lotaip_2021","status":"publish","type":"page","link":"https:\/\/cuyabeno.gob.ec\/?page_id=784","title":{"rendered":"Lotaip_2021"},"content":{"rendered":"\n<figure class=\"wp-block-image is-resized\"><img decoding=\"async\" src=\"https:\/\/putumayo.gob.ec\/wp-content\/uploads\/elementor\/thumbs\/INSIGNIA-LOTAIP-2022-q6995qhyqj9hihehv333uf62qolqprv69bfvkocnyi.jpeg\" alt=\"INSIGNIA LOTAIP 2022\" style=\"width:374px;height:auto\" title=\"INSIGNIA LOTAIP 2022\"\/><\/figure>\n\n\n\n<p><strong>Art. 7. Difusi\u00f3n de Informaci\u00f3n P\u00fablica<\/strong><\/p>\n\n\n\n<p class=\"has-text-align-left\">Por la transparencia en la gesti\u00f3n administrativa que est\u00e1n obligadas a observar todas las Instituciones del estado que conforman el sector p\u00fablico en los t\u00e9rminos del art\u00edculo 118 de la Constituci\u00f3n Pol\u00edtica de la Rep\u00fablica y dem\u00e1s entes se\u00f1alados en el art\u00edculo 1 de la presente Ley, difundir\u00e1n a trav\u00e9s de un portal de informaci\u00f3n o p\u00e1gina web, as\u00ed como de los medios necesarios a disposici\u00f3n del p\u00fablico implementados en la misma instituci\u00f3n, la siguiente informaci\u00f3n m\u00ednima actualizada, que para efectos de esta Ley, se le considera de naturaleza obligatoria:<\/p>\n\n\n\n<p><a href=\"https:\/\/drive.google.com\/drive\/folders\/1OBv3ERBV1HrAqwSQSiaHFxYbE_lpQCTd?usp=drive_link\" data-type=\"link\" data-id=\"https:\/\/drive.google.com\/drive\/folders\/1OBv3ERBV1HrAqwSQSiaHFxYbE_lpQCTd?usp=drive_link\" target=\"_blank\" rel=\"noreferrer noopener\"><strong>ENERO<\/strong><\/a><\/p>\n\n\n\n<p><a href=\"https:\/\/drive.google.com\/drive\/folders\/1Ga6qVk3lF465dSBALNDXk5GTuz5pzL7o?usp=drive_link\" target=\"_blank\" rel=\"noreferrer noopener\"><strong>FEBRERO<\/strong><\/a><\/p>\n\n\n\n<p><a href=\"https:\/\/drive.google.com\/drive\/folders\/1bgh7rvqugRtOD7WOg55XHy5LjKLrzopw?usp=drive_link\" target=\"_blank\" rel=\"noreferrer noopener\"><strong>MARZO<\/strong><\/a><\/p>\n\n\n\n<p><a href=\"https:\/\/drive.google.com\/drive\/folders\/17FX3tE5mTm0kVXHuq6v77j5teJeXhhYm?usp=drive_link\" target=\"_blank\" rel=\"noreferrer noopener\"><strong>ABRIL<\/strong><\/a><\/p>\n\n\n\n<p><a href=\"https:\/\/drive.google.com\/drive\/folders\/1ftOnnDofRQUesBTmxzXoMOAN46qqUF-4?usp=drive_link\" target=\"_blank\" rel=\"noreferrer noopener\"><strong>MAYO<\/strong><\/a><\/p>\n\n\n\n<p><a href=\"https:\/\/drive.google.com\/drive\/folders\/1p_gGV1SmdQO5mC2GfPXTSaf6NFpzi-EP?usp=drive_link\" target=\"_blank\" rel=\"noreferrer noopener\"><strong>JUNIO<\/strong><\/a><\/p>\n\n\n\n<p><a href=\"https:\/\/drive.google.com\/drive\/folders\/1ir30z2Zm0NnPAo-w9mEEQpJ8pr2HvFqX?usp=drive_link\" target=\"_blank\" rel=\"noreferrer noopener\"><strong>JULIO<\/strong><\/a><\/p>\n\n\n\n<p><a href=\"https:\/\/drive.google.com\/drive\/folders\/1tHKbgzCyMVTTuZaQjSsyG8D4LyC71HAH?usp=drive_link\" target=\"_blank\" rel=\"noreferrer noopener\"><strong>AGOSTO<\/strong><\/a><\/p>\n\n\n\n<p><a href=\"https:\/\/drive.google.com\/drive\/folders\/167IkZLzxrp39oBTR3XMF4PszgxMNr7Gw?usp=drive_link\" target=\"_blank\" rel=\"noreferrer noopener\"><strong>SEPTIEMBRE<\/strong><\/a><\/p>\n\n\n\n<p><a href=\"https:\/\/drive.google.com\/drive\/folders\/1_hBePLPjNyujKWNw9rlwk_RyuOdN5AKp?usp=drive_link\" target=\"_blank\" rel=\"noreferrer noopener\"><strong>OCTUBRE<\/strong><\/a><\/p>\n\n\n\n<p><a href=\"https:\/\/drive.google.com\/drive\/folders\/1L79HQRdDXaU5hTXkuxXek-lAdow7aima?usp=drive_link\" target=\"_blank\" rel=\"noreferrer noopener\"><strong>NOVIEMBRE<\/strong><\/a><\/p>\n\n\n\n<p><a href=\"https:\/\/drive.google.com\/drive\/folders\/11QHSMa4UPf1FPA0uTF8tiWi0uHDgRJT3?usp=drive_link\" target=\"_blank\" rel=\"noreferrer noopener\"><strong>DICIEMBRE<\/strong><\/a><\/p>\n","protected":false},"excerpt":{"rendered":"<p>Art. 7. Difusi\u00f3n de Informaci\u00f3n P\u00fablica Por la transparencia en la gesti\u00f3n administrativa que est\u00e1n obligadas a observar todas las [&hellip;]<\/p>\n","protected":false},"author":1,"featured_media":0,"parent":0,"menu_order":0,"comment_status":"closed","ping_status":"closed","template":"","meta":{"footnotes":""},"class_list":["post-784","page","type-page","status-publish","hentry"],"_links":{"self":[{"href":"https:\/\/cuyabeno.gob.ec\/index.php?rest_route=\/wp\/v2\/pages\/784","targetHints":{"allow":["GET"]}}],"collection":[{"href":"https:\/\/cuyabeno.gob.ec\/index.php?rest_route=\/wp\/v2\/pages"}],"about":[{"href":"https:\/\/cuyabeno.gob.ec\/index.php?rest_route=\/wp\/v2\/types\/page"}],"author":[{"embeddable":true,"href":"https:\/\/cuyabeno.gob.ec\/index.php?rest_route=\/wp\/v2\/users\/1"}],"replies":[{"embeddable":true,"href":"https:\/\/cuyabeno.gob.ec\/index.php?rest_route=%2Fwp%2Fv2%2Fcomments&post=784"}],"version-history":[{"count":6,"href":"https:\/\/cuyabeno.gob.ec\/index.php?rest_route=\/wp\/v2\/pages\/784\/revisions"}],"predecessor-version":[{"id":1112,"href":"https:\/\/cuyabeno.gob.ec\/index.php?rest_route=\/wp\/v2\/pages\/784\/revisions\/1112"}],"wp:attachment":[{"href":"https:\/\/cuyabeno.gob.ec\/index.php?rest_route=%2Fwp%2Fv2%2Fmedia&parent=784"}],"curies":[{"name":"wp","href":"https:\/\/api.w.org\/{rel}","templated":true}]}}