{"id":807,"date":"2025-06-12T18:49:37","date_gmt":"2025-06-12T18:49:37","guid":{"rendered":"https:\/\/cuyabeno.gob.ec\/?page_id=807"},"modified":"2025-06-13T17:36:52","modified_gmt":"2025-06-13T17:36:52","slug":"historia","status":"publish","type":"page","link":"https:\/\/cuyabeno.gob.ec\/?page_id=807","title":{"rendered":"Historia"},"content":{"rendered":"\n<p style=\"font-size:19px\"><strong><br><strong>RESE\u00d1A HIST\u00d3RICA DEL CANT\u00d3N CUYABENO<\/strong><\/strong><\/p>\n\n\n\n<figure class=\"wp-block-image size-full is-resized\"><img loading=\"lazy\" decoding=\"async\" width=\"199\" height=\"300\" src=\"https:\/\/cuyabeno.gob.ec\/wp-content\/uploads\/2025\/06\/image-1.png\" alt=\"\" class=\"wp-image-1030\" style=\"width:474px;height:auto\"\/><\/figure>\n\n\n\n<p><a href=\"https:\/\/cuyabeno.gob.ec\/wp-content\/uploads\/2021\/12\/Municipio.jpg\"><\/a><\/p>\n\n\n\n<p>El cant\u00f3n Cuyabeno es el s\u00e9ptimo de la provincia de Sucumb\u00edos y sus datos hist\u00f3ricos son escasos en registros historiogr\u00e1ficos. Lo que se conoce es que Cuyabeno se cre\u00f3 hace 23 a\u00f1os, un 08 de agosto de 1998. La proyecci\u00f3n del n\u00famero de habitant es al 2020 se establece en 8.230 en todo el territorio. Su extensi\u00f3n es de 383 477.7 hect\u00e1reas. Se ubica en la provincia de Sucumb\u00edos como uno de sus 7 cantones. Tiene una parroquia urbana llamada Tarapoa y dos parroquias rurales, Playas de Cuyabeno y Aguas Negras. Limita al norte con los cantones Putumayo y Lago Agrio, al sur con los cantones Shushufindi y Aguarico, al este con el Per\u00fa y al oeste con los cantones Shushufindi y Lago Agrio.<\/p>\n\n\n\n<p>\u201cSeg\u00fan relatos de la poblaci\u00f3n por la d\u00e9cada de los 70\u2019s hubo una gran sequ\u00eda lo que gener\u00f3 la necesidad de emigrar hacia otros lugares del pa\u00eds encontrando en esta zona, grandes extensiones de tierras para cultivar y as\u00ed poder subsistir. Luego la noticia se fue propagando con el tiempo y fueron llegando cada vez m\u00e1s colonos de varias provincias del pa\u00eds posesion\u00e1ndose de esta manera del territorio y acerc\u00e1ndose poco a poco a territorios ancestrales. Las provincias originarias de la poblaci\u00f3n residente en la Parroquia Tarapoa seg\u00fan informaci\u00f3n obtenida de campo son: Manab\u00ed, Loja, Bol\u00edvar, Zamora Chinchipe, Chimborazo, Ca\u00f1ar, Guaranda, El Oro, Azuay, Esmeraldas, Santo Domingo, Guayas, Quevedo, Los R\u00edos, Carchi y Shushufindi. Se estima que las provincias originarias de la poblaci\u00f3n residente en la Parroquia Aguas Negras, seg\u00fan informaci\u00f3n obtenida de campo son: Loja, Bol\u00edvar, Chimborazo, Los R\u00edos, Azuay, Manab\u00ed, Morona Santiago, Zamora Chinchipe, Santo Domingo, Refugiados Colombianos, Pichincha, Putumayo y Per\u00fa. En el Cant\u00f3n Cuyabeno existen territorios ancestrales ocupados por las nacionalidades Secoya, Kichwa, Siona, Shuar y Cof\u00e1n; lo que no ocurri\u00f3 con la nacionalidad Shuar Iwia, ya que desde finales de los 70\u2019s se encuentra asentada en la zona antr\u00f3pica dentro de la parroquia rural Aguas Negras como resultado de la migraci\u00f3n producida en la Provincia de Zamora Chinchipe\u201d (Actualizaci\u00f3n del PD y OT 2020, 191)<\/p>\n\n\n\n<p>Otros datos registrados en el mismo documento narran la llegada de las empresas petroleras por 1977. Luego se da un salto temporal hasta 1990 donde los posesionarios de tierras empiezan un proceso organizativo en agrupaciones jur\u00eddicas con el objetivo de gestionar \u201cproyectos productivos para las organizaciones y campesinos del sector\u201d. <strong><a href=\"https:\/\/drive.google.com\/drive\/folders\/1qT4lC4tT-NYrTrmY_75GQpS-Npt7JwBl?usp=sharing\" target=\"_blank\" rel=\"noreferrer noopener\">Mas Fotos Antiguas<\/a><\/strong><\/p>\n\n\n\n<figure class=\"wp-block-image size-full is-resized\"><img loading=\"lazy\" decoding=\"async\" width=\"909\" height=\"598\" src=\"https:\/\/cuyabeno.gob.ec\/wp-content\/uploads\/2025\/06\/image-2.png\" alt=\"\" class=\"wp-image-1031\" style=\"width:918px;height:auto\" srcset=\"https:\/\/cuyabeno.gob.ec\/wp-content\/uploads\/2025\/06\/image-2.png 909w, https:\/\/cuyabeno.gob.ec\/wp-content\/uploads\/2025\/06\/image-2-300x197.png 300w, https:\/\/cuyabeno.gob.ec\/wp-content\/uploads\/2025\/06\/image-2-768x505.png 768w, https:\/\/cuyabeno.gob.ec\/wp-content\/uploads\/2025\/06\/image-2-600x395.png 600w\" sizes=\"auto, (max-width: 909px) 100vw, 909px\" \/><\/figure>\n\n\n\n<p><a href=\"https:\/\/cuyabeno.gob.ec\/wp-content\/uploads\/2021\/12\/306798_423163147724952_602504190_n.jpg\"><\/a> <\/p>\n\n\n\n<figure class=\"wp-block-image size-full\"><img loading=\"lazy\" decoding=\"async\" width=\"918\" height=\"606\" src=\"https:\/\/cuyabeno.gob.ec\/wp-content\/uploads\/2025\/06\/image-3.png\" alt=\"\" class=\"wp-image-1032\" srcset=\"https:\/\/cuyabeno.gob.ec\/wp-content\/uploads\/2025\/06\/image-3.png 918w, https:\/\/cuyabeno.gob.ec\/wp-content\/uploads\/2025\/06\/image-3-300x198.png 300w, https:\/\/cuyabeno.gob.ec\/wp-content\/uploads\/2025\/06\/image-3-768x507.png 768w, https:\/\/cuyabeno.gob.ec\/wp-content\/uploads\/2025\/06\/image-3-600x396.png 600w\" sizes=\"auto, (max-width: 918px) 100vw, 918px\" \/><\/figure>\n\n\n\n<p><a href=\"https:\/\/cuyabeno.gob.ec\/wp-content\/uploads\/2021\/12\/484478_423163397724927_18249177_n.jpg\"><\/a><a href=\"https:\/\/cuyabeno.gob.ec\/wp-content\/uploads\/2021\/12\/Municipio.jpg\"><\/a><\/p>\n\n\n\n<p><a href=\"https:\/\/cuyabeno.gob.ec\/wp-content\/uploads\/2021\/12\/306798_423163147724952_602504190_n.jpg\"><\/a> <a href=\"https:\/\/cuyabeno.gob.ec\/wp-content\/uploads\/2021\/12\/484478_423163397724927_18249177_n.jpg\"><\/a><\/p>\n\n\n\n<p><\/p>\n","protected":false},"excerpt":{"rendered":"<p>RESE\u00d1A HIST\u00d3RICA DEL CANT\u00d3N CUYABENO El cant\u00f3n Cuyabeno es el s\u00e9ptimo de la provincia de Sucumb\u00edos y sus datos hist\u00f3ricos [&hellip;]<\/p>\n","protected":false},"author":1,"featured_media":0,"parent":0,"menu_order":0,"comment_status":"closed","ping_status":"closed","template":"page-templates\/full-width.php","meta":{"footnotes":""},"class_list":["post-807","page","type-page","status-publish","hentry"],"_links":{"self":[{"href":"https:\/\/cuyabeno.gob.ec\/index.php?rest_route=\/wp\/v2\/pages\/807","targetHints":{"allow":["GET"]}}],"collection":[{"href":"https:\/\/cuyabeno.gob.ec\/index.php?rest_route=\/wp\/v2\/pages"}],"about":[{"href":"https:\/\/cuyabeno.gob.ec\/index.php?rest_route=\/wp\/v2\/types\/page"}],"author":[{"embeddable":true,"href":"https:\/\/cuyabeno.gob.ec\/index.php?rest_route=\/wp\/v2\/users\/1"}],"replies":[{"embeddable":true,"href":"https:\/\/cuyabeno.gob.ec\/index.php?rest_route=%2Fwp%2Fv2%2Fcomments&post=807"}],"version-history":[{"count":4,"href":"https:\/\/cuyabeno.gob.ec\/index.php?rest_route=\/wp\/v2\/pages\/807\/revisions"}],"predecessor-version":[{"id":1035,"href":"https:\/\/cuyabeno.gob.ec\/index.php?rest_route=\/wp\/v2\/pages\/807\/revisions\/1035"}],"wp:attachment":[{"href":"https:\/\/cuyabeno.gob.ec\/index.php?rest_route=%2Fwp%2Fv2%2Fmedia&parent=807"}],"curies":[{"name":"wp","href":"https:\/\/api.w.org\/{rel}","templated":true}]}}