{"id":812,"date":"2025-06-12T18:49:37","date_gmt":"2025-06-12T18:49:37","guid":{"rendered":"https:\/\/cuyabeno.gob.ec\/?page_id=812"},"modified":"2025-06-13T19:31:56","modified_gmt":"2025-06-13T19:31:56","slug":"turismo","status":"publish","type":"page","link":"https:\/\/cuyabeno.gob.ec\/?page_id=812","title":{"rendered":"Turismo"},"content":{"rendered":"\n<figure class=\"wp-block-image size-full is-resized\"><a href=\"https:\/\/drive.google.com\/file\/d\/1p3bR3XbFtaY3N6XSuwyMw08rC6324EF6\/view?usp=sharing\" target=\"_blank\" rel=\" noreferrer noopener\"><img loading=\"lazy\" decoding=\"async\" width=\"773\" height=\"218\" src=\"https:\/\/cuyabeno.gob.ec\/wp-content\/uploads\/2025\/06\/Web-explore-Cuyabeno.jpg\" alt=\"\" class=\"wp-image-1045\" style=\"width:1140px;height:auto\" srcset=\"https:\/\/cuyabeno.gob.ec\/wp-content\/uploads\/2025\/06\/Web-explore-Cuyabeno.jpg 773w, https:\/\/cuyabeno.gob.ec\/wp-content\/uploads\/2025\/06\/Web-explore-Cuyabeno-300x85.jpg 300w, https:\/\/cuyabeno.gob.ec\/wp-content\/uploads\/2025\/06\/Web-explore-Cuyabeno-768x217.jpg 768w, https:\/\/cuyabeno.gob.ec\/wp-content\/uploads\/2025\/06\/Web-explore-Cuyabeno-600x169.jpg 600w\" sizes=\"auto, (max-width: 773px) 100vw, 773px\" \/><\/a><\/figure>\n\n\n\n<p>Cuyabeno vida y encanto natural ubicado en la provincia de Sucumb\u00edos, Amazon\u00eda, destino SAFE TRAVELS del Ecuador.<\/p>\n\n\n\n<p>Hemos innovando tecnol\u00f3gicamente y puesto a tu alcance informaci\u00f3n de los servicios y atractivos tur\u00edsticos del cant\u00f3n Cuyabeno; de cada sitio tienes: Descripci\u00f3n, fotograf\u00edas, ubicaci\u00f3n y contacto del oferente.<\/p>\n\n\n\n<p>Ven y vive tu experiencia en un destino tur\u00edstico Safe Travel<\/p>\n\n\n\n<p>Para una mayor experiencia, visite nuestro sitio <strong><a href=\"https:\/\/www.google.com\/maps\/d\/u\/0\/embed?mid=1IrLQKYrGB5S0BZl98PfRUjn-4zFiINdO&amp;ll=-0.3408681395831091%2C-76.15765087212631&amp;z=9\">Web EXPLORE CUYABENO<\/a><\/strong>.<\/p>\n\n\n\n<p><\/p>\n\n\n\n<p><\/p>\n","protected":false},"excerpt":{"rendered":"<p>Cuyabeno vida y encanto natural ubicado en la provincia de Sucumb\u00edos, Amazon\u00eda, destino SAFE TRAVELS del Ecuador. Hemos innovando tecnol\u00f3gicamente [&hellip;]<\/p>\n","protected":false},"author":1,"featured_media":0,"parent":0,"menu_order":0,"comment_status":"closed","ping_status":"closed","template":"page-templates\/pagebuilder.php","meta":{"footnotes":""},"class_list":["post-812","page","type-page","status-publish","hentry"],"_links":{"self":[{"href":"https:\/\/cuyabeno.gob.ec\/index.php?rest_route=\/wp\/v2\/pages\/812","targetHints":{"allow":["GET"]}}],"collection":[{"href":"https:\/\/cuyabeno.gob.ec\/index.php?rest_route=\/wp\/v2\/pages"}],"about":[{"href":"https:\/\/cuyabeno.gob.ec\/index.php?rest_route=\/wp\/v2\/types\/page"}],"author":[{"embeddable":true,"href":"https:\/\/cuyabeno.gob.ec\/index.php?rest_route=\/wp\/v2\/users\/1"}],"replies":[{"embeddable":true,"href":"https:\/\/cuyabeno.gob.ec\/index.php?rest_route=%2Fwp%2Fv2%2Fcomments&post=812"}],"version-history":[{"count":3,"href":"https:\/\/cuyabeno.gob.ec\/index.php?rest_route=\/wp\/v2\/pages\/812\/revisions"}],"predecessor-version":[{"id":1048,"href":"https:\/\/cuyabeno.gob.ec\/index.php?rest_route=\/wp\/v2\/pages\/812\/revisions\/1048"}],"wp:attachment":[{"href":"https:\/\/cuyabeno.gob.ec\/index.php?rest_route=%2Fwp%2Fv2%2Fmedia&parent=812"}],"curies":[{"name":"wp","href":"https:\/\/api.w.org\/{rel}","templated":true}]}}