{"id":834,"date":"2025-06-12T19:08:51","date_gmt":"2025-06-12T19:08:51","guid":{"rendered":"https:\/\/cuyabeno.gob.ec\/?page_id=834"},"modified":"2025-06-13T16:59:31","modified_gmt":"2025-06-13T16:59:31","slug":"mision-vision","status":"publish","type":"page","link":"https:\/\/cuyabeno.gob.ec\/?page_id=834","title":{"rendered":"Misi\u00f3n &#038; Visi\u00f3n"},"content":{"rendered":"\n<figure class=\"wp-block-image size-large\"><img loading=\"lazy\" decoding=\"async\" width=\"1024\" height=\"748\" src=\"https:\/\/cuyabeno.gob.ec\/wp-content\/uploads\/2025\/06\/Mision-y-Vision-1024x748.jpg\" alt=\"\" class=\"wp-image-1014\" srcset=\"https:\/\/cuyabeno.gob.ec\/wp-content\/uploads\/2025\/06\/Mision-y-Vision-1024x748.jpg 1024w, https:\/\/cuyabeno.gob.ec\/wp-content\/uploads\/2025\/06\/Mision-y-Vision-300x219.jpg 300w, https:\/\/cuyabeno.gob.ec\/wp-content\/uploads\/2025\/06\/Mision-y-Vision-768x561.jpg 768w, https:\/\/cuyabeno.gob.ec\/wp-content\/uploads\/2025\/06\/Mision-y-Vision-370x270.jpg 370w, https:\/\/cuyabeno.gob.ec\/wp-content\/uploads\/2025\/06\/Mision-y-Vision-600x438.jpg 600w, https:\/\/cuyabeno.gob.ec\/wp-content\/uploads\/2025\/06\/Mision-y-Vision.jpg 1306w\" sizes=\"auto, (max-width: 1024px) 100vw, 1024px\" \/><\/figure>\n\n\n\n<h2 class=\"wp-block-heading\"><strong>Misi\u00f3n<\/strong><\/h2>\n\n\n\n<p>Prestar a la comunidad del cant\u00f3n Cuyabeno de forma cercana y amable, servicios p\u00fablicos de forma oportuna y de calidad, permitiendo la participaci\u00f3n ciudadana de los actores locales, promoviendo el desarrollo, en coordinaci\u00f3n con los distintos niveles de gobierno, para mejorar continuamente la calidad de vida de sus habitantes.<\/p>\n\n\n\n<p><strong>Visi\u00f3n<\/strong><\/p>\n\n\n\n<p>Ser un Municipio que promueve la participaci\u00f3n ciudadana y el desarrollo social, con un personal capacitado, \u00e9tico, amable, que conforme equipos de trabajo multidisciplinarios y eficientes, que atiendan las necesidades de la poblaci\u00f3n y entreguen soluciones integrales al cant\u00f3n Cuyabeno.<\/p>\n\n\n\n<p><\/p>\n","protected":false},"excerpt":{"rendered":"<p>Misi\u00f3n Prestar a la comunidad del cant\u00f3n Cuyabeno de forma cercana y amable, servicios p\u00fablicos de forma oportuna y de [&hellip;]<\/p>\n","protected":false},"author":1,"featured_media":0,"parent":0,"menu_order":0,"comment_status":"closed","ping_status":"closed","template":"page-templates\/full-width.php","meta":{"footnotes":""},"class_list":["post-834","page","type-page","status-publish","hentry"],"_links":{"self":[{"href":"https:\/\/cuyabeno.gob.ec\/index.php?rest_route=\/wp\/v2\/pages\/834","targetHints":{"allow":["GET"]}}],"collection":[{"href":"https:\/\/cuyabeno.gob.ec\/index.php?rest_route=\/wp\/v2\/pages"}],"about":[{"href":"https:\/\/cuyabeno.gob.ec\/index.php?rest_route=\/wp\/v2\/types\/page"}],"author":[{"embeddable":true,"href":"https:\/\/cuyabeno.gob.ec\/index.php?rest_route=\/wp\/v2\/users\/1"}],"replies":[{"embeddable":true,"href":"https:\/\/cuyabeno.gob.ec\/index.php?rest_route=%2Fwp%2Fv2%2Fcomments&post=834"}],"version-history":[{"count":3,"href":"https:\/\/cuyabeno.gob.ec\/index.php?rest_route=\/wp\/v2\/pages\/834\/revisions"}],"predecessor-version":[{"id":1015,"href":"https:\/\/cuyabeno.gob.ec\/index.php?rest_route=\/wp\/v2\/pages\/834\/revisions\/1015"}],"wp:attachment":[{"href":"https:\/\/cuyabeno.gob.ec\/index.php?rest_route=%2Fwp%2Fv2%2Fmedia&parent=834"}],"curies":[{"name":"wp","href":"https:\/\/api.w.org\/{rel}","templated":true}]}}